{"id":140,"date":"2023-11-01T11:08:06","date_gmt":"2023-11-01T11:08:06","guid":{"rendered":"https:\/\/edcyber.eu\/?page_id=140"},"modified":"2024-05-29T21:25:47","modified_gmt":"2024-05-29T21:25:47","slug":"project-results","status":"publish","type":"page","link":"https:\/\/edcyber.eu\/index.php\/project-results\/","title":{"rendered":"Project Results"},"content":{"rendered":"<p>[et_pb_section fb_built=&#8221;1&#8243; _builder_version=&#8221;4.23&#8243; _module_preset=&#8221;default&#8221; global_colors_info=&#8221;{}&#8221;][et_pb_row column_structure=&#8221;3_5,2_5&#8243; _builder_version=&#8221;4.23&#8243; _module_preset=&#8221;default&#8221; custom_margin=&#8221;-33px|auto||auto||&#8221; global_colors_info=&#8221;{}&#8221;][et_pb_column type=&#8221;3_5&#8243; _builder_version=&#8221;4.23&#8243; _module_preset=&#8221;default&#8221; global_colors_info=&#8221;{}&#8221;][et_pb_heading title=&#8221;Needs Analysis Research&#8221; _builder_version=&#8221;4.23&#8243; _module_preset=&#8221;default&#8221; title_font=&#8221;Noto Sans||||||||&#8221; title_text_color=&#8221;#0C71C3&#8243; title_font_size=&#8221;25px&#8221; global_colors_info=&#8221;{}&#8221;][\/et_pb_heading][et_pb_text _builder_version=&#8221;4.23&#8243; _module_preset=&#8221;default&#8221; text_text_color=&#8221;#000000&#8243; text_font_size=&#8221;15px&#8221; text_orientation=&#8221;justified&#8221; custom_margin=&#8221;-16px|||||&#8221; global_colors_info=&#8221;{}&#8221;]<\/p>\n<p>Needs Analysis document based on the research that was organized in each partner country. The results of the research were the following:<\/p>\n<p>&nbsp;<\/p>\n<ol>\n<li>Identification of needs, areas of opportunity in each country and analysis of common challenges among the participating countries.<\/li>\n<li>Identification of critical skills and competences in youth regarding to the use of new technologies, subject to being developed as a priority for solving the identified problems.<\/li>\n<\/ol>\n<p>[\/et_pb_text][\/et_pb_column][et_pb_column type=&#8221;2_5&#8243; _builder_version=&#8221;4.23&#8243; _module_preset=&#8221;default&#8221; global_colors_info=&#8221;{}&#8221;][et_pb_image src=&#8221;http:\/\/edcyber.eu\/wp-content\/uploads\/2023\/11\/Cover_Value_conducting_NA.png&#8221; title_text=&#8221;Cover_Value_conducting_NA&#8221; _builder_version=&#8221;4.23&#8243; _module_preset=&#8221;default&#8221; min_height=&#8221;17.8px&#8221; custom_margin=&#8221;62px|||38px|false|false&#8221; custom_padding=&#8221;|||21px||&#8221; global_colors_info=&#8221;{}&#8221;][\/et_pb_image][\/et_pb_column][\/et_pb_row][et_pb_row column_structure=&#8221;2_5,3_5&#8243; _builder_version=&#8221;4.23&#8243; _module_preset=&#8221;default&#8221; min_height=&#8221;459.7px&#8221; custom_margin=&#8221;-17px|auto|-26px|auto||&#8221; hover_enabled=&#8221;0&#8243; global_colors_info=&#8221;{}&#8221; sticky_enabled=&#8221;0&#8243;][et_pb_column type=&#8221;2_5&#8243; _builder_version=&#8221;4.23&#8243; _module_preset=&#8221;default&#8221; global_colors_info=&#8221;{}&#8221;][et_pb_heading title=&#8221;%22Cyber- animation for the European Digital Citizenship in Young People, from theory to practice%22&#8243; _builder_version=&#8221;4.23&#8243; _module_preset=&#8221;default&#8221; title_font=&#8221;Noto Sans||||||||&#8221; title_text_align=&#8221;left&#8221; title_text_color=&#8221;#0C71C3&#8243; title_font_size=&#8221;18px&#8221; background_color=&#8221;gcid-66d6e4e2-3426-4a92-a94d-684ec617ed4a&#8221; width=&#8221;97.2%&#8221; custom_margin=&#8221;54px||||false|false&#8221; global_colors_info=&#8221;{%22gcid-66d6e4e2-3426-4a92-a94d-684ec617ed4a%22:%91%22background_color%22%93}&#8221;][\/et_pb_heading][et_pb_image src=&#8221;http:\/\/edcyber.eu\/wp-content\/uploads\/2023\/11\/employee-handbook_Illustration_2.png&#8221; title_text=&#8221;employee-handbook_Illustration_2&#8243; _builder_version=&#8221;4.23&#8243; _module_preset=&#8221;default&#8221; custom_padding=&#8221;|16px||||&#8221; global_colors_info=&#8221;{}&#8221;][\/et_pb_image][\/et_pb_column][et_pb_column type=&#8221;3_5&#8243; _builder_version=&#8221;4.23&#8243; _module_preset=&#8221;default&#8221; global_colors_info=&#8221;{}&#8221;][et_pb_heading title=&#8221;Handbook&#8221; _builder_version=&#8221;4.23&#8243; _module_preset=&#8221;default&#8221; title_font=&#8221;Noto Sans||||||||&#8221; title_text_color=&#8221;#0C71C3&#8243; title_font_size=&#8221;25px&#8221; global_colors_info=&#8221;{}&#8221;][\/et_pb_heading][et_pb_text _builder_version=&#8221;4.23&#8243; _module_preset=&#8221;default&#8221; text_text_color=&#8221;#000000&#8243; text_font_size=&#8221;15px&#8221; text_orientation=&#8221;justified&#8221; global_colors_info=&#8221;{}&#8221;]<\/p>\n<p>&nbsp;<\/p>\n<p>\u03a4he Handbook &#8220;Cyberanimation for the European Digital Citizenship in Young People, from theory to practice&#8221; is the result elaboration of the following elements:<\/p>\n<p>1. Analysis and Data Collection,<\/p>\n<p>2. Training Program,<\/p>\n<p>3. Training Materials,<\/p>\n<p>4. Experience and Best-Practice coming from Meeting and Local Activities.<\/p>\n<p>This handbook aims to provide an educational and practical resource to all those young people of several parts of the world interested in the subject.\u00a0<\/p>\n<blockquote>\n<p><a href=\"http:\/\/edcyber.eu\/wp-content\/uploads\/2024\/05\/EDCYBER-HANDBOOK-English-Version.pdf\">You can download here the Handbook in English<\/a><\/p>\n<\/blockquote>\n<p><a href=\"http:\/\/edcyber.eu\/wp-content\/uploads\/2024\/05\/EDCYBER-Handbook-Greek-Version_compressed.pdf\">\u039c\u03c0\u03bf\u03c1\u03b5\u03af\u03c4\u03b5 \u03bd\u03b1 \u03ba\u03b1\u03c4\u03b5\u03b2\u03ac\u03c3\u03b5\u03c4\u03b5 \u03b5\u03b4\u03ce \u03c4\u03bf \u03b5\u03b3\u03c7\u03b5\u03b9\u03c1\u03af\u03b4\u03b9\u03bf \u03c3\u03c4\u03b1 \u03b5\u03bb\u03bb\u03b7\u03bd\u03b9\u03ba\u03ac<\/a><\/p>\n<p><span style=\"font-size: 15px;\"><\/span><a href=\"http:\/\/edcyber.eu\/wp-content\/uploads\/2024\/05\/EDCYBER-HANDBOOK-French-Version.pdf\" style=\"font-size: 15px;\">Vous pouvez t\u00e9l\u00e9charger ici le manuel en fran\u00e7ais<\/a><\/p>\n<p><a href=\"http:\/\/edcyber.eu\/wp-content\/uploads\/2024\/05\/EDCYBER-HANDBOOK-Spanish-Version.pdf\">Puede descargar aqu\u00ed el Manual en espa\u00f1ol<\/a><\/p>\n<p><a href=\"http:\/\/edcyber.eu\/wp-content\/uploads\/2024\/05\/EDCYBER-HANDBOOK-Danish-Version.pdf\">Du kan downloade h\u00e5ndbogen p\u00e5 dansk her<\/a><\/p>\n<p><a href=\"http:\/\/edcyber.eu\/wp-content\/uploads\/2024\/05\/EDCYBER-HANDBOOK-Romanian-Version.pdf\">Pute\u021bi desc\u0103rca aici Manualul \u00een limba rom\u00e2na<\/a><\/p>\n<p><span style=\"font-size: 15px;\"><\/span><a href=\"http:\/\/edcyber.eu\/wp-content\/uploads\/2024\/05\/EDCYBER-HANDBOOK-Italian-Version.pdf\" style=\"font-size: 15px;\">\u00c8 possibile scaricare qui il Manuale in italiano<\/a><\/p>\n<p>&nbsp;<\/p>\n<p>&nbsp;<\/p>\n<p>[\/et_pb_text][\/et_pb_column][\/et_pb_row][et_pb_row _builder_version=&#8221;4.23&#8243; _module_preset=&#8221;default&#8221; global_colors_info=&#8221;{}&#8221;][et_pb_column type=&#8221;4_4&#8243; _builder_version=&#8221;4.23&#8243; _module_preset=&#8221;default&#8221; global_colors_info=&#8221;{}&#8221;][et_pb_heading title=&#8221;Training of Youth Workers&#8221; _builder_version=&#8221;4.23&#8243; _module_preset=&#8221;default&#8221; title_font=&#8221;Noto Sans||||||||&#8221; title_text_color=&#8221;#0C71C3&#8243; title_font_size=&#8221;25px&#8221; custom_margin=&#8221;-19px||22px|||&#8221; custom_padding=&#8221;0px|||||&#8221; hover_enabled=&#8221;0&#8243; global_colors_info=&#8221;{}&#8221; sticky_enabled=&#8221;0&#8243;][\/et_pb_heading][et_pb_text _builder_version=&#8221;4.23&#8243; _module_preset=&#8221;default&#8221; text_text_color=&#8221;#000000&#8243; text_font_size=&#8221;15px&#8221; min_height=&#8221;114.2px&#8221; global_colors_info=&#8221;{}&#8221;]<\/p>\n<p>A training of 30 youth workers was organised in order to increase their skills to work with young people through the use of the Cyberanimation approach. The training consisted of three 5-day training seminars that were organised online. These seminars include lectures, interactive activities and exercises, theoretical and practical part. The aim of the training seminar wasto equip the youth workers with the necessary skills in order to transfer the methods to young people in their country as well as all over Europe.<\/p>\n<p>[\/et_pb_text][\/et_pb_column][\/et_pb_row][et_pb_row _builder_version=&#8221;4.23&#8243; _module_preset=&#8221;default&#8221; global_colors_info=&#8221;{}&#8221;][et_pb_column type=&#8221;4_4&#8243; _builder_version=&#8221;4.23&#8243; _module_preset=&#8221;default&#8221; global_colors_info=&#8221;{}&#8221;][et_pb_heading title=&#8221;E-Learning Course&#8221; _builder_version=&#8221;4.23&#8243; _module_preset=&#8221;default&#8221; title_font=&#8221;Noto Sans||||||||&#8221; title_text_color=&#8221;#0C71C3&#8243; title_font_size=&#8221;25px&#8221; custom_margin=&#8221;-19px||22px|||&#8221; custom_padding=&#8221;1px|||||&#8221; hover_enabled=&#8221;0&#8243; global_colors_info=&#8221;{}&#8221; sticky_enabled=&#8221;0&#8243;][\/et_pb_heading][et_pb_text _builder_version=&#8221;4.23&#8243; _module_preset=&#8221;default&#8221; text_text_color=&#8221;#000000&#8243; text_font_size=&#8221;15px&#8221; min_height=&#8221;114.2px&#8221; global_colors_info=&#8221;{}&#8221;]<\/p>\n<ol>\n<li><strong> SHORT DESCRIPTION OF THE COURSE <\/strong><\/li>\n<\/ol>\n<p>The e-learning course of the EDCyber Project on the <em>cyberanimation <\/em>is part of the training activity and it\u2019s made of asynchronous and synchronous activities with theoretical documents and practical activities divided in 6 modules. The course is based on 6 modules:<\/p>\n<ul>\n<li>Module 1: Active citizenship<\/li>\n<li>Module 2: Community Building<\/li>\n<li>Module 3: Digital media literacy<\/li>\n<li>Module 4: Soft skills in the digital environment<\/li>\n<li>Module 5: Communication, mediation and facilitation<\/li>\n<li>Module 6: Practical approach of the cyberanimation<\/li>\n<\/ul>\n<p>The duration of the e-learning course attendance is 40 hours divided in synchronous and asynchronous activities. Each module consists of theoretical information, evaluation learning test, infographics, papers and articles, and interactive activities for practical exercises.<\/p>\n<ol start=\"2\">\n<li><strong> LINK TO THE PLATFORM <\/strong><br \/>\n<blockquote><p><span><a href=\"https:\/\/intro.actionelearning.eu\/\"><strong>action e-learning<\/strong><\/a><\/span><\/p><\/blockquote>\n<\/li>\n<\/ol>\n<ol start=\"3\">\n<li><strong> INFORMATION ABOUT THE ACCESS TO THE COURSE AND REGISTRATION<\/strong><\/li>\n<\/ol>\n<blockquote>\n<p>How to register? The registration process is available at <a href=\"https:\/\/actionelearning.eu\/register\">https:\/\/actionelearning.eu\/register<\/a><\/p>\n<\/blockquote>\n<p>After including the information required in the form, the participant will receive the confirmation via e-mail providing the account username and password to access the platform and attend the EDCYBER e-learning course.<\/p>\n<p>[\/et_pb_text][\/et_pb_column][\/et_pb_row][et_pb_row column_structure=&#8221;2_3,1_3&#8243; _builder_version=&#8221;4.23&#8243; _module_preset=&#8221;default&#8221; global_colors_info=&#8221;{}&#8221;][et_pb_column type=&#8221;2_3&#8243; _builder_version=&#8221;4.23&#8243; _module_preset=&#8221;default&#8221; global_colors_info=&#8221;{}&#8221;][et_pb_heading title=&#8221;Virtual Youth Exchanges&#8221; _builder_version=&#8221;4.23&#8243; _module_preset=&#8221;default&#8221; title_font=&#8221;Noto Sans||||||||&#8221; title_text_color=&#8221;#0C71C3&#8243; title_font_size=&#8221;25px&#8221; custom_margin=&#8221;-19px||22px|||&#8221; custom_padding=&#8221;0px|||||&#8221; global_colors_info=&#8221;{}&#8221;][\/et_pb_heading][et_pb_text _builder_version=&#8221;4.23&#8243; _module_preset=&#8221;default&#8221; text_text_color=&#8221;#000000&#8243; text_font_size=&#8221;15px&#8221; text_orientation=&#8221;justified&#8221; custom_margin=&#8221;|-33px||||&#8221; custom_padding=&#8221;|16px||||&#8221; global_colors_info=&#8221;{}&#8221;]<\/p>\n<p>The Focus of the 3 Youth Exchange will be:<\/p>\n<p>1. First Youth Exchange: Constructive Dialogue and Youth,<\/p>\n<p>2. Second Youth Exchange: Youth and Virtual Communities,<\/p>\n<p>3. Third Youth Exchange: Youth and Digital Citizenship<\/p>\n<p>The 3 Youth Exchanges will give the opportunity to the Youth Workers to become, in quality of Youth Leaders, Cyber-animators and to guide, manage and lead the community of young people. The Youth Exchange will provide brainstorm ideas and the place for the debate and sharing perspectives on the issue of the project.<\/p>\n<p>[\/et_pb_text][\/et_pb_column][et_pb_column type=&#8221;1_3&#8243; _builder_version=&#8221;4.23&#8243; _module_preset=&#8221;default&#8221; global_colors_info=&#8221;{}&#8221;][et_pb_image src=&#8221;http:\/\/edcyber.eu\/wp-content\/uploads\/2023\/11\/354037134_277507538175177_6128712493898971885_n-1.jpg&#8221; title_text=&#8221;354037134_277507538175177_6128712493898971885_n&#8221; align=&#8221;right&#8221; _builder_version=&#8221;4.23&#8243; _module_preset=&#8221;default&#8221; width=&#8221;82%&#8221; module_alignment=&#8221;center&#8221; custom_margin=&#8221;-25px|0px||0px|false|false&#8221; custom_padding=&#8221;0px|||0px|false|false&#8221; global_colors_info=&#8221;{}&#8221;][\/et_pb_image][\/et_pb_column][\/et_pb_row][et_pb_row column_structure=&#8221;2_5,3_5&#8243; _builder_version=&#8221;4.23&#8243; _module_preset=&#8221;default&#8221; global_colors_info=&#8221;{}&#8221;][et_pb_column type=&#8221;2_5&#8243; _builder_version=&#8221;4.23&#8243; _module_preset=&#8221;default&#8221; global_colors_info=&#8221;{}&#8221;][et_pb_image src=&#8221;http:\/\/edcyber.eu\/wp-content\/uploads\/2023\/11\/354053997_277507111508553_4794824807043541407_n.jpg&#8221; title_text=&#8221;354053997_277507111508553_4794824807043541407_n&#8221; _builder_version=&#8221;4.23&#8243; _module_preset=&#8221;default&#8221; custom_margin=&#8221;49px||||false|false&#8221; global_colors_info=&#8221;{}&#8221;][\/et_pb_image][\/et_pb_column][et_pb_column type=&#8221;3_5&#8243; _builder_version=&#8221;4.23&#8243; _module_preset=&#8221;default&#8221; global_colors_info=&#8221;{}&#8221;][et_pb_heading title=&#8221;Socio- Influencer Hubs&#8221; _builder_version=&#8221;4.23&#8243; _module_preset=&#8221;default&#8221; title_font=&#8221;Noto Sans||||||||&#8221; title_text_color=&#8221;#0C71C3&#8243; title_font_size=&#8221;25px&#8221; custom_margin=&#8221;-19px||22px|||&#8221; custom_padding=&#8221;0px|||||&#8221; global_colors_info=&#8221;{}&#8221;][\/et_pb_heading][et_pb_text _builder_version=&#8221;4.23&#8243; _module_preset=&#8221;default&#8221; text_text_color=&#8221;#000000&#8243; text_font_size=&#8221;15px&#8221; text_orientation=&#8221;justified&#8221; global_colors_info=&#8221;{}&#8221;]<\/p>\n<p>\u201cSocial-Influencer-Hub\u201d to the development of \u201csocial\u201d and \u201chigh-value\u201d contents for the social networking. The young people become \u201cethical influencers\u201d and design the ethical contents of social networks (considering the socio-animation values) and will promote such values in the net which will be oriented to the Youth participation in Democratic Process. The valuable values promoted refer to the European solidarity, the creation of ethical network, the respect of diversity, the development of personality, the fair use of the internet, the fight against cyber-crimes, cyberbullying and racism. Every virtual community has organised at least one online campaign on a social issue that they consider important. The cybercommunities created in each country and the social media campaigns are all available on the EDCyber Platform at:<\/p>\n<p><span><a href=\"https:\/\/edcyber.my.canva.site\/ciberactivehome\">https:\/\/edcyber.my.canva.site\/ciberactivehome<\/a><\/span><\/p>\n<p>[\/et_pb_text][\/et_pb_column][\/et_pb_row][et_pb_row _builder_version=&#8221;4.23&#8243; _module_preset=&#8221;default&#8221; global_colors_info=&#8221;{}&#8221;][et_pb_column type=&#8221;4_4&#8243; _builder_version=&#8221;4.23&#8243; _module_preset=&#8221;default&#8221; global_colors_info=&#8221;{}&#8221;][et_pb_heading title=&#8221;Local Workshops, from \u201cvirtual to \u201creal\u201d&#8221; _builder_version=&#8221;4.23&#8243; _module_preset=&#8221;default&#8221; title_font=&#8221;Noto Sans||||||||&#8221; title_text_color=&#8221;#0C71C3&#8243; title_font_size=&#8221;25px&#8221; custom_margin=&#8221;-19px||22px|||&#8221; custom_padding=&#8221;0px|||||&#8221; global_colors_info=&#8221;{}&#8221;][\/et_pb_heading][et_pb_text _builder_version=&#8221;4.23&#8243; _module_preset=&#8221;default&#8221; text_text_color=&#8221;#000000&#8243; text_font_size=&#8221;15px&#8221; text_orientation=&#8221;justified&#8221; global_colors_info=&#8221;{}&#8221;]<\/p>\n<p>After each Youth Exchange, the young people participating in the Youth Exchange, in collaboration with Youth Workers from the organizations, will organize and manage a 3-days workshop. The local workshops represent the tool for improving the direct contact and debate between young people, the community\u2019s stakeholders and the policy-makers. During the Local Workshops, the young people will develop the proposals designed at \u201cvirtual level\u201d and during the Youth Exchanges, bringing them at \u201creal level\u201d. The local workshops will be structured in 3 days and the activities will be focused on:<\/p>\n<p>1. Direct contact of participants with the local context (local authorities, community members, youth, organizations, etc.),<\/p>\n<p>2. Practical application of the Cyberanimation methodology through the EDiCYber,<\/p>\n<p>3. Best practice exchanges,<\/p>\n<p>4. Creation, improvement and enforcing of the dialogue with Local and National Policy-Makers,<\/p>\n<p>5. Exploitation and dissemination of mid-term results of Project\u2019s activities<\/p>\n<p>[\/et_pb_text][\/et_pb_column][\/et_pb_row][et_pb_row _builder_version=&#8221;4.23&#8243; _module_preset=&#8221;default&#8221; global_colors_info=&#8221;{}&#8221;][et_pb_column type=&#8221;4_4&#8243; _builder_version=&#8221;4.23&#8243; _module_preset=&#8221;default&#8221; global_colors_info=&#8221;{}&#8221;][et_pb_heading title=&#8221;EDCYBER Platform&#8221; _builder_version=&#8221;4.23&#8243; _module_preset=&#8221;default&#8221; title_font=&#8221;Noto Sans||||||||&#8221; title_text_color=&#8221;#0C71C3&#8243; title_font_size=&#8221;25px&#8221; custom_margin=&#8221;-19px||22px|||&#8221; custom_padding=&#8221;0px|||||&#8221; global_colors_info=&#8221;{}&#8221;][\/et_pb_heading][et_pb_text _builder_version=&#8221;4.23&#8243; _module_preset=&#8221;default&#8221; text_text_color=&#8221;#000000&#8243; text_font_size=&#8221;15px&#8221; text_orientation=&#8221;justified&#8221; global_colors_info=&#8221;{}&#8221; custom_padding=&#8221;||0px|||&#8221;]<\/p>\n<p>A platform that connects youth organizations and youth initiatives at grassroots level throughout Europe and is organized according to themes of interest. The aim of the platform is to share information and stimulate democratic debate and common initiatives between young people all over Europe. Seminars and online activities will be organized.\u00a0<\/p>\n<p>Through this platform, youth initiatives from all over Europe, are able to post their initiatives related with e-democratic participation and classify them on the basis of keywords in various categories. These initiatives can inspire the organisation of similar activities in local level in other countries and contexts.<\/p>\n<p>The platform, in addition, includes the Social Influencer Hub, with the 6 EDCyber cybercommunities designed and developed at local level in the countries of the project. The EDCyber Platform is available at:<\/p>\n<p><a href=\"https:\/\/edcyber.my.canva.site\/ciberactivehome\">https:\/\/edcyber.my.canva.site\/ciberactivehome<\/a>\u00a0<\/p>\n<p>[\/et_pb_text][\/et_pb_column][\/et_pb_row][\/et_pb_section]<\/p>\n","protected":false},"excerpt":{"rendered":"<p>Needs Analysis document based on the research that was organized in each partner country. The results of the research were the following: &nbsp; Identification of needs, areas of opportunity in each country and analysis of common challenges among the participating countries. Identification of critical skills and competences in youth regarding to the use of new [&hellip;]<\/p>\n","protected":false},"author":1,"featured_media":0,"parent":0,"menu_order":0,"comment_status":"closed","ping_status":"closed","template":"","meta":{"_et_pb_use_builder":"on","_et_pb_old_content":"","_et_gb_content_width":"","footnotes":""},"class_list":["post-140","page","type-page","status-publish","hentry"],"_links":{"self":[{"href":"https:\/\/edcyber.eu\/index.php\/wp-json\/wp\/v2\/pages\/140","targetHints":{"allow":["GET"]}}],"collection":[{"href":"https:\/\/edcyber.eu\/index.php\/wp-json\/wp\/v2\/pages"}],"about":[{"href":"https:\/\/edcyber.eu\/index.php\/wp-json\/wp\/v2\/types\/page"}],"author":[{"embeddable":true,"href":"https:\/\/edcyber.eu\/index.php\/wp-json\/wp\/v2\/users\/1"}],"replies":[{"embeddable":true,"href":"https:\/\/edcyber.eu\/index.php\/wp-json\/wp\/v2\/comments?post=140"}],"version-history":[{"count":10,"href":"https:\/\/edcyber.eu\/index.php\/wp-json\/wp\/v2\/pages\/140\/revisions"}],"predecessor-version":[{"id":280,"href":"https:\/\/edcyber.eu\/index.php\/wp-json\/wp\/v2\/pages\/140\/revisions\/280"}],"wp:attachment":[{"href":"https:\/\/edcyber.eu\/index.php\/wp-json\/wp\/v2\/media?parent=140"}],"curies":[{"name":"wp","href":"https:\/\/api.w.org\/{rel}","templated":true}]}}